{"id":2061,"date":"2023-10-27T16:32:21","date_gmt":"2023-10-27T16:32:21","guid":{"rendered":"https:\/\/ninjabm.com\/?page_id=2061"},"modified":"2023-11-03T19:22:27","modified_gmt":"2023-11-03T19:22:27","slug":"refund-policy","status":"publish","type":"page","link":"https:\/\/ninjabm.com\/es\/refund-policy\/","title":{"rendered":"Politica de Reembolso"},"content":{"rendered":"<div data-elementor-type=\"wp-page\" data-elementor-id=\"2061\" class=\"elementor elementor-2061\">\n\t\t\t\t\t\t<section class=\"elementor-section elementor-top-section elementor-element elementor-element-3f03e44 elementor-section-height-min-height elementor-section-boxed elementor-section-height-default elementor-section-items-middle\" data-id=\"3f03e44\" data-element_type=\"section\" data-e-type=\"section\" data-settings=\"{&quot;background_background&quot;:&quot;video&quot;,&quot;background_video_link&quot;:&quot;https:\\\/\\\/ninjabm.com\\\/wp-content\\\/uploads\\\/2023\\\/10\\\/1020-comp.mp4&quot;,&quot;background_play_on_mobile&quot;:&quot;yes&quot;,&quot;background_video_start&quot;:5}\">\n\t\t\t\t\t\t\t\t<div class=\"elementor-background-video-container\">\n\t\t\t\t\t\t\t\t\t\t\t\t\t<video class=\"elementor-background-video-hosted\" role=\"presentation\" autoplay muted playsinline loop><\/video>\n\t\t\t\t\t\t\t\t\t\t\t<\/div>\n\t\t\t\t\t\t\t\t\t<div class=\"elementor-background-overlay\"><\/div>\n\t\t\t\t\t\t\t<div class=\"elementor-container elementor-column-gap-default\">\n\t\t\t\t\t<div class=\"elementor-column elementor-col-100 elementor-top-column elementor-element elementor-element-0c904d4\" data-id=\"0c904d4\" data-element_type=\"column\" data-e-type=\"column\">\n\t\t\t<div class=\"elementor-widget-wrap elementor-element-populated\">\n\t\t\t\t\t\t<div class=\"elementor-element elementor-element-e8658f2 elementor-widget elementor-widget-heading\" data-id=\"e8658f2\" data-element_type=\"widget\" data-e-type=\"widget\" data-widget_type=\"heading.default\">\n\t\t\t\t<div class=\"elementor-widget-container\">\n\t\t\t\t\t<h2 class=\"elementor-heading-title elementor-size-default\">Politica de Reembolso<\/h2>\t\t\t\t<\/div>\n\t\t\t\t<\/div>\n\t\t\t\t\t<\/div>\n\t\t<\/div>\n\t\t\t\t\t<\/div>\n\t\t<\/section>\n\t\t<div class=\"elementor-element elementor-element-56ad665 e-flex e-con-boxed e-con e-parent\" data-id=\"56ad665\" data-element_type=\"container\" data-e-type=\"container\">\n\t\t\t\t\t<div class=\"e-con-inner\">\n\t\t<div class=\"elementor-element elementor-element-fe99378 e-flex e-con-boxed e-con e-child\" data-id=\"fe99378\" data-element_type=\"container\" data-e-type=\"container\">\n\t\t\t\t\t<div class=\"e-con-inner\">\n\t\t\t\t<div class=\"elementor-element elementor-element-b4c697f elementor-widget elementor-widget-heading\" data-id=\"b4c697f\" data-element_type=\"widget\" data-e-type=\"widget\" data-widget_type=\"heading.default\">\n\t\t\t\t<div class=\"elementor-widget-container\">\n\t\t\t\t\t<h2 class=\"elementor-heading-title elementor-size-default\">Tu satisfacci\u00f3n es importante<\/h2>\t\t\t\t<\/div>\n\t\t\t\t<\/div>\n\t\t\t\t\t<\/div>\n\t\t\t\t<\/div>\n\t\t\t\t<div class=\"elementor-element elementor-element-c0e6d28 elementor-widget elementor-widget-text-editor\" data-id=\"c0e6d28\" data-element_type=\"widget\" data-e-type=\"widget\" data-widget_type=\"text-editor.default\">\n\t\t\t\t<div class=\"elementor-widget-container\">\n\t\t\t\t\t\t\t\t\t<p>Pol\u00edtica de reembolso de Ninja Business Marketing<\/p><p>1. Objetivo de la Pol\u00edtica de Reembolso<br \/>El objetivo de esta pol\u00edtica es establecer los lineamientos y procedimientos para solicitar y procesar reembolsos por los servicios prestados por Ninja Business Marketing con el fin de asegurar la satisfacci\u00f3n del cliente y mantener una relaci\u00f3n de confianza.<\/p><p>2. Elegibilidad para reembolsos<\/p><p>S\u00f3lo se considerar\u00e1n reembolsos en casos de incumplimiento de las especificaciones acordadas por el cliente dentro de los 7 d\u00edas posteriores a la recepci\u00f3n. No hay reembolsos por ning\u00fan servicio a\u00fan no entregado.<\/p><p>3. Proceso de solicitud de reembolso<\/p><p>Los clientes deben enviar una solicitud de reembolso por escrito por correo electr\u00f3nico a ceo@ninjabm.com dentro de los 7 d\u00edas posteriores a la fecha de insatisfacci\u00f3n o incumplimiento.<br \/>La solicitud de reembolso debe incluir una descripci\u00f3n detallada de la insatisfacci\u00f3n o incumplimiento, junto con cualquier documentaci\u00f3n relevante.<\/p><p>4. Evaluaci\u00f3n de la solicitud de reembolso<\/p><p>Ninja Business Marketing evaluar\u00e1 la solicitud de reembolso dentro de los 7 d\u00edas h\u00e1biles posteriores a la recepci\u00f3n de la solicitud.<br \/>Nos reservamos el derecho de verificar la exactitud del reclamo y realizar una revisi\u00f3n interna.<\/p><p>5. Decisiones de reembolso<\/p><p>Si se determina que el incumplimiento o la insatisfacci\u00f3n son v\u00e1lidos, Ninja Business Marketing emitir\u00e1 un reembolso dentro de los 7 d\u00edas h\u00e1biles.<br \/>El monto del reembolso se limitar\u00e1 al costo de los servicios que no sean satisfactorios.<\/p><p>6. Exclusiones<\/p><p>No se otorgar\u00e1n reembolsos por cambios en los objetivos o preferencias del cliente que no fueron acordados originalmente.<br \/>No se otorgar\u00e1n reembolsos por los servicios ya brindados y a\u00fan no brindados, a menos que Ninja Business Marketing demuestre el incumplimiento.<\/p><p>7. Contacto<\/p><p>Para solicitudes de reembolso o preguntas relacionadas con esta pol\u00edtica, comun\u00edquese con Robert San Roman en ceo@ninjabm.com<\/p>\t\t\t\t\t\t\t\t<\/div>\n\t\t\t\t<\/div>\n\t\t\t\t\t<\/div>\n\t\t\t\t<\/div>\n\t\t\t\t<\/div>","protected":false},"excerpt":{"rendered":"<p>Refund Policy Your Satisfaction is Important Ninja Business Marketing Refund Policy 1. Objective of the Refund PolicyThe objective of this policy is to establish the guidelines and procedures for requesting and processing refunds for services provided by Ninja Business Marketing in order to ensure customer satisfaction and maintain a relationship of trust. 2. Eligibility for [&hellip;]<\/p>\n","protected":false},"author":2,"featured_media":0,"parent":0,"menu_order":0,"comment_status":"closed","ping_status":"closed","template":"","meta":{"nf_dc_page":"","site-sidebar-layout":"no-sidebar","site-content-layout":"page-builder","ast-site-content-layout":"full-width-container","site-content-style":"default","site-sidebar-style":"default","ast-global-header-display":"","ast-banner-title-visibility":"","ast-main-header-display":"","ast-hfb-above-header-display":"","ast-hfb-below-header-display":"","ast-hfb-mobile-header-display":"","site-post-title":"disabled","ast-breadcrumbs-content":"","ast-featured-img":"disabled","footer-sml-layout":"","ast-disable-related-posts":"","theme-transparent-header-meta":"","adv-header-id-meta":"","stick-header-meta":"","header-above-stick-meta":"","header-main-stick-meta":"","header-below-stick-meta":"","astra-migrate-meta-layouts":"set","ast-page-background-enabled":"default","ast-page-background-meta":{"desktop":{"background-color":"","background-image":"","background-repeat":"repeat","background-position":"center center","background-size":"auto","background-attachment":"scroll","background-type":"","background-media":"","overlay-type":"","overlay-color":"","overlay-opacity":"","overlay-gradient":""},"tablet":{"background-color":"","background-image":"","background-repeat":"repeat","background-position":"center center","background-size":"auto","background-attachment":"scroll","background-type":"","background-media":"","overlay-type":"","overlay-color":"","overlay-opacity":"","overlay-gradient":""},"mobile":{"background-color":"","background-image":"","background-repeat":"repeat","background-position":"center center","background-size":"auto","background-attachment":"scroll","background-type":"","background-media":"","overlay-type":"","overlay-color":"","overlay-opacity":"","overlay-gradient":""}},"ast-content-background-meta":{"desktop":{"background-color":"var(--ast-global-color-5)","background-image":"","background-repeat":"repeat","background-position":"center center","background-size":"auto","background-attachment":"scroll","background-type":"","background-media":"","overlay-type":"","overlay-color":"","overlay-opacity":"","overlay-gradient":""},"tablet":{"background-color":"var(--ast-global-color-5)","background-image":"","background-repeat":"repeat","background-position":"center center","background-size":"auto","background-attachment":"scroll","background-type":"","background-media":"","overlay-type":"","overlay-color":"","overlay-opacity":"","overlay-gradient":""},"mobile":{"background-color":"var(--ast-global-color-5)","background-image":"","background-repeat":"repeat","background-position":"center center","background-size":"auto","background-attachment":"scroll","background-type":"","background-media":"","overlay-type":"","overlay-color":"","overlay-opacity":"","overlay-gradient":""}},"footnotes":""},"class_list":["post-2061","page","type-page","status-publish","hentry"],"_links":{"self":[{"href":"https:\/\/ninjabm.com\/es\/wp-json\/wp\/v2\/pages\/2061","targetHints":{"allow":["GET"]}}],"collection":[{"href":"https:\/\/ninjabm.com\/es\/wp-json\/wp\/v2\/pages"}],"about":[{"href":"https:\/\/ninjabm.com\/es\/wp-json\/wp\/v2\/types\/page"}],"author":[{"embeddable":true,"href":"https:\/\/ninjabm.com\/es\/wp-json\/wp\/v2\/users\/2"}],"replies":[{"embeddable":true,"href":"https:\/\/ninjabm.com\/es\/wp-json\/wp\/v2\/comments?post=2061"}],"version-history":[{"count":5,"href":"https:\/\/ninjabm.com\/es\/wp-json\/wp\/v2\/pages\/2061\/revisions"}],"predecessor-version":[{"id":2093,"href":"https:\/\/ninjabm.com\/es\/wp-json\/wp\/v2\/pages\/2061\/revisions\/2093"}],"wp:attachment":[{"href":"https:\/\/ninjabm.com\/es\/wp-json\/wp\/v2\/media?parent=2061"}],"curies":[{"name":"gracias","href":"https:\/\/api.w.org\/{rel}","templated":true}]}}